{"id":1186,"date":"2025-02-17T09:27:29","date_gmt":"2025-02-17T09:27:29","guid":{"rendered":"https:\/\/www.zsp16.gliwice.pl\/informatyka\/?page_id=1186"},"modified":"2025-06-22T10:23:01","modified_gmt":"2025-06-22T10:23:01","slug":"o-mnie","status":"publish","type":"page","link":"https:\/\/www.zsp16.gliwice.pl\/informatyka\/o-mnie\/","title":{"rendered":"O mnie"},"content":{"rendered":"\t\t<div data-elementor-type=\"wp-page\" data-elementor-id=\"1186\" class=\"elementor elementor-1186\">\n\t\t\t\t\t\t<section class=\"elementor-section elementor-top-section elementor-element elementor-element-df67764 elementor-section-boxed elementor-section-height-default elementor-section-height-default\" data-id=\"df67764\" data-element_type=\"section\" data-e-type=\"section\">\n\t\t\t\t\t\t<div class=\"elementor-container elementor-column-gap-default\">\n\t\t\t\t\t<div class=\"elementor-column elementor-col-100 elementor-top-column elementor-element elementor-element-9cc0e0f\" data-id=\"9cc0e0f\" data-element_type=\"column\" data-e-type=\"column\">\n\t\t\t<div class=\"elementor-widget-wrap elementor-element-populated\">\n\t\t\t\t\t\t<div class=\"elementor-element elementor-element-f702da7 elementor-widget elementor-widget-heading\" data-id=\"f702da7\" data-element_type=\"widget\" data-e-type=\"widget\" data-widget_type=\"heading.default\">\n\t\t\t\t<div class=\"elementor-widget-container\">\n\t\t\t\t\t<h2 class=\"elementor-heading-title elementor-size-default\">Miros\u0142aw Kope\u0107<\/h2>\t\t\t\t<\/div>\n\t\t\t\t<\/div>\n\t\t\t\t<div class=\"elementor-element elementor-element-040bfa0 elementor-widget elementor-widget-image\" data-id=\"040bfa0\" data-element_type=\"widget\" data-e-type=\"widget\" data-widget_type=\"image.default\">\n\t\t\t\t<div class=\"elementor-widget-container\">\n\t\t\t\t\t\t\t\t\t\t\t\t\t\t\t<img decoding=\"async\" width=\"150\" height=\"150\" src=\"https:\/\/www.zsp16.gliwice.pl\/informatyka\/wp-content\/uploads\/2025\/02\/team1-150x150.jpg\" class=\"attachment-thumbnail size-thumbnail wp-image-1353\" alt=\"\" \/>\t\t\t\t\t\t\t\t\t\t\t\t\t\t\t<\/div>\n\t\t\t\t<\/div>\n\t\t\t\t<div class=\"elementor-element elementor-element-992519f elementor-widget elementor-widget-text-editor\" data-id=\"992519f\" data-element_type=\"widget\" data-e-type=\"widget\" data-widget_type=\"text-editor.default\">\n\t\t\t\t<div class=\"elementor-widget-container\">\n\t\t\t\t\t\t\t\t\t<p data-start=\"203\" data-end=\"244\"><span style=\"color: #000000;\"><strong data-start=\"203\" data-end=\"244\">Nauczyciel z pasj\u0105 i 40-letnim sta\u017cem<\/strong><\/span><\/p><p data-start=\"246\" data-end=\"512\"><span style=\"color: #000000;\">Od ponad czterech dekad z entuzjazmem wprowadzam dzieci w \u015bwiat komputer\u00f3w, programowania i nowoczesnych technologii. Specjalizuj\u0119 si\u0119 w nauczaniu informatyki, programowania w Scratchu, podstaw HTML i CSS, a tak\u017ce grafiki komputerowej i obs\u0142ugi pakiet\u00f3w biurowych.<\/span><\/p><p data-start=\"514\" data-end=\"769\"><span style=\"color: #000000;\">Przez lata pracy w szkole podstawowej stawiam na praktyczne podej\u015bcie, cierpliwo\u015b\u0107 i rozwijanie ciekawo\u015bci u najm\u0142odszych. Wierz\u0119, \u017ce nauka przez zabaw\u0119 to najlepsza droga do wychowania tw\u00f3rczych i odwa\u017cnych m\u0142odych ludzi gotowych na wyzwania XXI wieku.<\/span><\/p><p data-start=\"771\" data-end=\"889\"><span style=\"color: #000000;\">Prywatnie jestem \u017ceglarzem, dzia\u0142am aktywnie w jacht klubie, z rado\u015bci\u0105 gram na gitarze i odkrywam \u015bwiat na rowerze.<\/span><\/p><p data-start=\"891\" data-end=\"971\"><span style=\"color: #000000;\"><strong data-start=\"891\" data-end=\"901\">Motto:<\/strong> <em data-start=\"902\" data-end=\"969\">\u201eNauka to przygoda \u2014 wystarczy odwa\u017cy\u0107 si\u0119 zrobi\u0107 pierwszy krok.\u201d<\/em><\/span><\/p>\t\t\t\t\t\t\t\t<\/div>\n\t\t\t\t<\/div>\n\t\t\t\t\t<\/div>\n\t\t<\/div>\n\t\t\t\t\t<\/div>\n\t\t<\/section>\n\t\t\t\t<\/div>\n\t\t","protected":false},"excerpt":{"rendered":"<p>Miros\u0142aw Kope\u0107 Nauczyciel z pasj\u0105 i 40-letnim sta\u017cem Od ponad czterech dekad z entuzjazmem wprowadzam dzieci w \u015bwiat komputer\u00f3w, programowania i nowoczesnych technologii. Specjalizuj\u0119 si\u0119 w nauczaniu informatyki, programowania w [&hellip;]<\/p>\n","protected":false},"author":1,"featured_media":0,"parent":0,"menu_order":0,"comment_status":"closed","ping_status":"closed","template":"","meta":{"_kadence_starter_templates_imported_post":false,"footnotes":""},"class_list":["post-1186","page","type-page","status-publish","hentry"],"_links":{"self":[{"href":"https:\/\/www.zsp16.gliwice.pl\/informatyka\/wp-json\/wp\/v2\/pages\/1186","targetHints":{"allow":["GET"]}}],"collection":[{"href":"https:\/\/www.zsp16.gliwice.pl\/informatyka\/wp-json\/wp\/v2\/pages"}],"about":[{"href":"https:\/\/www.zsp16.gliwice.pl\/informatyka\/wp-json\/wp\/v2\/types\/page"}],"author":[{"embeddable":true,"href":"https:\/\/www.zsp16.gliwice.pl\/informatyka\/wp-json\/wp\/v2\/users\/1"}],"replies":[{"embeddable":true,"href":"https:\/\/www.zsp16.gliwice.pl\/informatyka\/wp-json\/wp\/v2\/comments?post=1186"}],"version-history":[{"count":19,"href":"https:\/\/www.zsp16.gliwice.pl\/informatyka\/wp-json\/wp\/v2\/pages\/1186\/revisions"}],"predecessor-version":[{"id":1471,"href":"https:\/\/www.zsp16.gliwice.pl\/informatyka\/wp-json\/wp\/v2\/pages\/1186\/revisions\/1471"}],"wp:attachment":[{"href":"https:\/\/www.zsp16.gliwice.pl\/informatyka\/wp-json\/wp\/v2\/media?parent=1186"}],"curies":[{"name":"wp","href":"https:\/\/api.w.org\/{rel}","templated":true}]}}