{"id":1191,"date":"2025-02-17T09:27:54","date_gmt":"2025-02-17T09:27:54","guid":{"rendered":"https:\/\/www.zsp16.gliwice.pl\/informatyka\/?page_id=1191"},"modified":"2025-06-22T11:16:49","modified_gmt":"2025-06-22T11:16:49","slug":"kontakt","status":"publish","type":"page","link":"https:\/\/www.zsp16.gliwice.pl\/informatyka\/kontakt\/","title":{"rendered":"Kontakt"},"content":{"rendered":"\t\t<div data-elementor-type=\"wp-page\" data-elementor-id=\"1191\" class=\"elementor elementor-1191\">\n\t\t\t\t\t\t<section class=\"elementor-section elementor-top-section elementor-element elementor-element-7b3c756 elementor-section-boxed elementor-section-height-default elementor-section-height-default\" data-id=\"7b3c756\" data-element_type=\"section\" data-e-type=\"section\">\n\t\t\t\t\t\t<div class=\"elementor-container elementor-column-gap-default\">\n\t\t\t\t\t<div class=\"elementor-column elementor-col-33 elementor-top-column elementor-element elementor-element-9b4bc05\" data-id=\"9b4bc05\" data-element_type=\"column\" data-e-type=\"column\">\n\t\t\t<div class=\"elementor-widget-wrap elementor-element-populated\">\n\t\t\t\t\t\t<div class=\"elementor-element elementor-element-2de42a0 elementor-widget elementor-widget-ucaddon_team_member_box_overlay\" data-id=\"2de42a0\" data-element_type=\"widget\" data-e-type=\"widget\" data-widget_type=\"ucaddon_team_member_box_overlay.default\">\n\t\t\t\t<div class=\"elementor-widget-container\">\n\t\t\t\t\t\n<!-- start Team Member Box -->\n\t\t<link id='font-awesome-css' href='https:\/\/www.zsp16.gliwice.pl\/informatyka\/wp-content\/plugins\/unlimited-elements-for-elementor\/assets_libraries\/font-awesome6\/fontawesome-all.min.css' type='text\/css' rel='stylesheet' >\n\t\t<link id='font-awesome-4-shim-css' href='https:\/\/www.zsp16.gliwice.pl\/informatyka\/wp-content\/plugins\/unlimited-elements-for-elementor\/assets_libraries\/font-awesome6\/fontawesome-v4-shims.min.css' type='text\/css' rel='stylesheet' >\n\n<style>\/* widget: Team Member Box *\/\n\n#uc_team_member_box_overlay_elementor_2de42a0\n{\n  overflow:hidden;\n  position:relative;\n}\n#uc_team_member_box_overlay_elementor_2de42a0 *{\n\tbox-sizing: border-box;\n}\n\n#uc_team_member_box_overlay_elementor_2de42a0 img{\n\twidth:100%;\n    object-fit: cover;\n    display:block;\n    transition:0.3s;\n}\n\n#uc_team_member_box_overlay_elementor_2de42a0:hover img\n{\n  transform:scale(1.1,1.1);\n}\n\n\n\n#uc_team_member_box_overlay_elementor_2de42a0 .uc_overlay{\n\twidth:100%;\n\theight:100%;\n\tposition:absolute;\n\tleft:0px;\n\ttop:0px;\n\tz-index:1;\n    display:flex;\n    flex-direction:column;\n    align-items:center;\n    justify-content:center;\n}\n\n\n#uc_team_member_box_overlay_elementor_2de42a0 .uc_social a{\n\tdisplay:inline-flex;\n\ttext-align:center;\n\tborder-radius:50%;\n\ttransition:all 0.3s;\n    align-items:center;\n    justify-content:center;\n\t}\n\t\n\t\n\t\n#uc_team_member_box_overlay_elementor_2de42a0 .uc_container_overlay_text{\n\t\n\twidth:100%;\n\ttext-align: center;\t\n\tposition:absolute;\n\tleft:0px;\n\tbottom:0px;\n\tz-index:101;\n\topacity: 0;\n    visibility: hidden;\n\ttransition:all 0.3s ease 0s;\n\t}\n\t\n#uc_team_member_box_overlay_elementor_2de42a0:hover .uc_container_overlay_text{\n\tvisibility:inherit;\n\topacity:1;\n\t}\t\n\t\n\n#uc_team_member_box_overlay_elementor_2de42a0 .uc_container_holder\n{\n  position:relative;\n  overflow:hidden;\n}\n\n#uc_team_member_box_overlay_elementor_2de42a0 .team-member-image-overlay\n{\n  position:absolute;\n  top:0;\n  bottom:0;\n  right:0;\n  left:0;\n  display:flex;\n  flex-direction:column;\n  opacity:0;\n  transition:all 0.5s ;\t\n  z-index:2;\n}\n\n#uc_team_member_box_overlay_elementor_2de42a0:hover .team-member-image-overlay\n{\n \n  opacity:1;\n}\n\n\n.team_member_box_overlay_title\n{\n  font-size:21px;\n}\n\n<\/style>\n\n<div id=\"uc_team_member_box_overlay_elementor_2de42a0\" class=\"team_member_box_overlay\">\n      \t<div class=\"uc_container_holder\">\n    \t\t\n             <img fetchpriority=\"high\" decoding=\"async\" src=\"https:\/\/www.zsp16.gliwice.pl\/informatyka\/wp-content\/uploads\/2025\/06\/ja-768x871.jpg\" alt=\"ja\"  class=\"team_member_box_overlay_image\"  src=\"https:\/\/www.zsp16.gliwice.pl\/informatyka\/wp-content\/uploads\/2025\/06\/ja-768x871.jpg\" alt=\"ja\" width=\"768\" height=\"871\">\n             <div class=\"uc_overlay\"><\/div>\n          \t \n              <div class=\"team-member-image-overlay\">\n                                                                                                                             <div class=\"uc_social\">\n                            <a href=\"https:\/\/www.facebook.com\/mirek.kopec.98\"  target='_blank'><i class=\"fab fa-facebook\" aria-hidden=\"true\"><\/i><\/a>\n\n                         <\/div>\n                                      <\/div>\n          \n          \t \n                          <div class=\"uc_container_overlay_text\">\n            \t 32 239 13 63\n             <\/div>\n                         \n        <\/div>\n        \n                <div class=\"uc_subcontainer_holder\">\n            <div class=\"team_member_box_overlay_title\">Miros\u0142aw Kope\u0107<\/div>            <div class=\"team_member_box_overlay_subtitle\">Nauczyciel<\/div>            <div class=\"team_member_box_text\"><p><span style=\"font-size: 14px;\">Od ponad czterech dekad z entuzjazmem wprowadzam dzieci w \u015bwiat komputer\u00f3w, programowania i nowoczesnych technologii.<\/span><\/p><\/div>                    <\/div>\n        <\/div>\n<!-- end Team Member Box -->\t\t\t\t<\/div>\n\t\t\t\t<\/div>\n\t\t\t\t\t<\/div>\n\t\t<\/div>\n\t\t\t\t<div class=\"elementor-column elementor-col-66 elementor-top-column elementor-element elementor-element-18bfc50\" data-id=\"18bfc50\" data-element_type=\"column\" data-e-type=\"column\">\n\t\t\t<div class=\"elementor-widget-wrap elementor-element-populated\">\n\t\t\t\t\t\t<div class=\"elementor-element elementor-element-8bc7bb8 elementor-widget elementor-widget-text-editor\" data-id=\"8bc7bb8\" data-element_type=\"widget\" data-e-type=\"widget\" data-widget_type=\"text-editor.default\">\n\t\t\t\t<div class=\"elementor-widget-container\">\n\t\t\t\t\t\t\t\t\t<p data-start=\"180\" data-end=\"344\"><span style=\"color: #000000;\">Je\u015bli chcesz dowiedzie\u0107 si\u0119 wi\u0119cej o moich zaj\u0119ciach, masz pytania dotycz\u0105ce nauki programowania lub po prostu chcesz porozmawia\u0107 o edukacji \u2014 napisz lub zadzwo\u0144!<\/span><\/p><p data-start=\"346\" data-end=\"457\"><span style=\"color: #000000;\">Z przyjemno\u015bci\u0105 odpowiem na ka\u017cde pytanie i pomog\u0119 rozpocz\u0105\u0107 fascynuj\u0105c\u0105 przygod\u0119 z komputerami i kodowaniem.<\/span><\/p><p data-start=\"459\" data-end=\"483\"><span style=\"color: #000000;\"><strong data-start=\"459\" data-end=\"477\">Do us\u0142yszenia!<\/strong><\/span><\/p><p><span style=\"color: #000000;\">email: m.kopec@zsp16.gliwice.pl<\/span><\/p>\t\t\t\t\t\t\t\t<\/div>\n\t\t\t\t<\/div>\n\t\t\t\t\t<\/div>\n\t\t<\/div>\n\t\t\t\t\t<\/div>\n\t\t<\/section>\n\t\t\t\t<\/div>\n\t\t","protected":false},"excerpt":{"rendered":"<p>32 239 13 63 Miros\u0142aw Kope\u0107 Nauczyciel Od ponad czterech dekad z entuzjazmem wprowadzam dzieci w \u015bwiat komputer\u00f3w, programowania i nowoczesnych technologii. Je\u015bli chcesz dowiedzie\u0107 si\u0119 wi\u0119cej o moich zaj\u0119ciach, [&hellip;]<\/p>\n","protected":false},"author":1,"featured_media":0,"parent":0,"menu_order":0,"comment_status":"closed","ping_status":"closed","template":"","meta":{"_kadence_starter_templates_imported_post":false,"footnotes":""},"class_list":["post-1191","page","type-page","status-publish","hentry"],"_links":{"self":[{"href":"https:\/\/www.zsp16.gliwice.pl\/informatyka\/wp-json\/wp\/v2\/pages\/1191","targetHints":{"allow":["GET"]}}],"collection":[{"href":"https:\/\/www.zsp16.gliwice.pl\/informatyka\/wp-json\/wp\/v2\/pages"}],"about":[{"href":"https:\/\/www.zsp16.gliwice.pl\/informatyka\/wp-json\/wp\/v2\/types\/page"}],"author":[{"embeddable":true,"href":"https:\/\/www.zsp16.gliwice.pl\/informatyka\/wp-json\/wp\/v2\/users\/1"}],"replies":[{"embeddable":true,"href":"https:\/\/www.zsp16.gliwice.pl\/informatyka\/wp-json\/wp\/v2\/comments?post=1191"}],"version-history":[{"count":33,"href":"https:\/\/www.zsp16.gliwice.pl\/informatyka\/wp-json\/wp\/v2\/pages\/1191\/revisions"}],"predecessor-version":[{"id":1516,"href":"https:\/\/www.zsp16.gliwice.pl\/informatyka\/wp-json\/wp\/v2\/pages\/1191\/revisions\/1516"}],"wp:attachment":[{"href":"https:\/\/www.zsp16.gliwice.pl\/informatyka\/wp-json\/wp\/v2\/media?parent=1191"}],"curies":[{"name":"wp","href":"https:\/\/api.w.org\/{rel}","templated":true}]}}