{"id":14,"date":"2023-03-03T12:38:49","date_gmt":"2023-03-03T12:38:49","guid":{"rendered":"https:\/\/www.zsp16.gliwice.pl\/informatyka\/?page_id=14"},"modified":"2025-09-05T16:26:08","modified_gmt":"2025-09-05T16:26:08","slug":"klasa-5","status":"publish","type":"page","link":"https:\/\/www.zsp16.gliwice.pl\/informatyka\/klasa-5\/","title":{"rendered":"Klasa 5"},"content":{"rendered":"\r\n<p>DZIA\u0141 1. Klawiatura zamiast pi\u00f3ra. Piszemy w programie MS Word<br \/>1.1. <a href=\"https:\/\/flipbook.nowaera.pl\/dokumenty\/Flipbook\/Informatyka-Lubie-to-podrecznik[kl_5][pr_2021]\/index.html#p=7\" target=\"_blank\" rel=\"noreferrer noopener\">Dokumenty bez tajemnic. Powt\u00f3rzenie wybranych wiadomo\u015bci o programie MS Word<\/a><br \/>1.2. <a href=\"https:\/\/youtu.be\/VyvQOjITrhc\" target=\"_blank\" rel=\"noreferrer noopener\">Kom\u00f3rki, do szeregu! \u015awiat tabel<\/a><br \/>1.3. <a href=\"https:\/\/youtu.be\/mIKOy6bpKOU\" target=\"_blank\" rel=\"noreferrer noopener\">Nie tylko tekst. O wstawianiu ilustracji<\/a><br \/>1.4. Przyrodnicze w\u0119dr\u00f3wki. Tworzenie atlasu \u2013 zadanie projektowe<\/p>\r\n\r\n\r\n\r\n<p>DZIA\u0141 2. Prawie jak w kinie. Ruch i muzyka w programie MS PowerPoint<br \/>2.1. <a href=\"https:\/\/youtu.be\/cNriuQwlwr0\" target=\"_blank\" rel=\"noreferrer noopener\">Tekst i obraz. Jak stworzy\u0107 najprostsz\u0105 prezentacj\u0119?<\/a><br \/>2.2. <a href=\"https:\/\/www.youtube.com\/watch?v=we0WVBlHLT4\" target=\"_blank\" rel=\"noreferrer noopener\">Wspomnienia z\u2026 Tworzymy album fotograficzny<\/a><br \/>2.3. <a href=\"https:\/\/youtu.be\/uHKzB0b1h9E\" target=\"_blank\" rel=\"noreferrer noopener\">Wprawi\u0107 \u015bwiat w ruch. Przej\u015bcia i animacje w prezentacji<\/a><br \/>2.4. <a href=\"https:\/\/youtu.be\/GsJmHBAQYVU\" target=\"_blank\" rel=\"noreferrer noopener\">Nie tylko ilustracje. D\u017awi\u0119k i wideo w prezentacji<\/a><br \/>2.5. <a href=\"https:\/\/youtu.be\/1yknKOSPpMY\" target=\"_blank\" rel=\"noreferrer noopener\">Kr\u00f3tka historia. Sterowanie animacj\u0105<\/a><\/p>\r\n\r\n\r\n\r\n<p>DZIA\u0141 3. Kocie sztuczki. Wi\u0119cej funkcji programu Scratch<br \/>3.1. <a href=\"https:\/\/www.youtube.com\/watch?v=lJTRTHRDTFM\" target=\"_blank\" rel=\"noreferrer noopener\">Plan to podstawa. O rozwi\u0105zywaniu problem\u00f3w<\/a><br \/>3.2. <a href=\"http:\/\/monika-trelka.prv.pl\/gra-labirynt-czyli-w-poszukiwaniu-skarbu\/\" target=\"_blank\" rel=\"noreferrer noopener\">W poszukiwaniu skarbu. Jak przej\u015b\u0107 przez labirynt?<\/a><br \/>3.3. <a href=\"https:\/\/youtu.be\/JkElYI804GE\" target=\"_blank\" rel=\"noreferrer noopener\">Scena niczym kartka. O rysowaniu w programie Scratch<\/a><br \/>3.4. <a href=\"https:\/\/youtu.be\/CEOC3qXn_l4\" target=\"_blank\" rel=\"noreferrer noopener\">Od wielok\u0105ta do rozety. Tworzenie bardziej skomplikowanych rysunk\u00f3w<\/a><\/p>\r\n\r\n\r\n\r\n<p>DZIA\u0141 4. Bieganie po ekranie. Poznajemy program Pivot Animator<br \/>4.1. <a href=\"https:\/\/youtu.be\/34PUM6l2HUk\" target=\"_blank\" rel=\"noreferrer noopener\">Patyczaki w ruchu. Tworzenie prostych animacji<\/a><br \/>4.2. <a href=\"https:\/\/youtu.be\/2sqgZMEXerg\" target=\"_blank\" rel=\"noreferrer noopener\">Animacje od kuchni. Tworzenie w\u0142asnych postaci<\/a><br \/>4.3. Podr\u00f3\u017c z przeszkodami. Przygotowanie filmu przygodowego \u2013 zadanie projektowe<\/p>\r\n","protected":false},"excerpt":{"rendered":"<p>DZIA\u0141 1. Klawiatura zamiast pi\u00f3ra. Piszemy w programie MS Word1.1. Dokumenty bez tajemnic. Powt\u00f3rzenie wybranych wiadomo\u015bci o programie MS Word1.2. Kom\u00f3rki, do szeregu! \u015awiat tabel1.3. Nie tylko tekst. O wstawianiu [&hellip;]<\/p>\n","protected":false},"author":1,"featured_media":0,"parent":0,"menu_order":0,"comment_status":"closed","ping_status":"closed","template":"","meta":{"_kadence_starter_templates_imported_post":false,"footnotes":""},"class_list":["post-14","page","type-page","status-publish","hentry"],"_links":{"self":[{"href":"https:\/\/www.zsp16.gliwice.pl\/informatyka\/wp-json\/wp\/v2\/pages\/14","targetHints":{"allow":["GET"]}}],"collection":[{"href":"https:\/\/www.zsp16.gliwice.pl\/informatyka\/wp-json\/wp\/v2\/pages"}],"about":[{"href":"https:\/\/www.zsp16.gliwice.pl\/informatyka\/wp-json\/wp\/v2\/types\/page"}],"author":[{"embeddable":true,"href":"https:\/\/www.zsp16.gliwice.pl\/informatyka\/wp-json\/wp\/v2\/users\/1"}],"replies":[{"embeddable":true,"href":"https:\/\/www.zsp16.gliwice.pl\/informatyka\/wp-json\/wp\/v2\/comments?post=14"}],"version-history":[{"count":18,"href":"https:\/\/www.zsp16.gliwice.pl\/informatyka\/wp-json\/wp\/v2\/pages\/14\/revisions"}],"predecessor-version":[{"id":1584,"href":"https:\/\/www.zsp16.gliwice.pl\/informatyka\/wp-json\/wp\/v2\/pages\/14\/revisions\/1584"}],"wp:attachment":[{"href":"https:\/\/www.zsp16.gliwice.pl\/informatyka\/wp-json\/wp\/v2\/media?parent=14"}],"curies":[{"name":"wp","href":"https:\/\/api.w.org\/{rel}","templated":true}]}}