{"id":1435,"date":"2025-06-22T09:14:52","date_gmt":"2025-06-22T09:14:52","guid":{"rendered":"https:\/\/www.zsp16.gliwice.pl\/informatyka\/?page_id=1435"},"modified":"2025-06-22T09:14:52","modified_gmt":"2025-06-22T09:14:52","slug":"co-to-jest-scratch","status":"publish","type":"page","link":"https:\/\/www.zsp16.gliwice.pl\/informatyka\/co-to-jest-scratch\/","title":{"rendered":"Co to jest Scratch?"},"content":{"rendered":"<p data-start=\"156\" data-end=\"498\">Scratch to darmowy, kolorowy i bardzo przyjazny program do nauki programowania dla dzieci i pocz\u0105tkuj\u0105cych. Zamiast trudnych linijek kodu, w Scratchu budujemy programy z <strong data-start=\"326\" data-end=\"337\">klock\u00f3w<\/strong>, kt\u00f3re \u0142\u0105czymy jak puzzle. Dzi\u0119ki temu mo\u017cna \u0142atwo tworzy\u0107 w\u0142asne <strong data-start=\"404\" data-end=\"447\">gry, animacje i interaktywne historyjki<\/strong> \u2014 nawet je\u015bli nigdy wcze\u015bniej nie programowa\u0142e\u015b!<\/p>\n<p data-start=\"500\" data-end=\"805\">Scratch zosta\u0142 stworzony przez naukowc\u00f3w z MIT (Massachusetts Institute of Technology) i jest dost\u0119pny <strong data-start=\"603\" data-end=\"622\">za darmo online<\/strong> \u2014 wystarczy komputer, tablet albo laptop i troch\u0119 wyobra\u017ani. Programowanie w Scratch rozwija <strong data-start=\"716\" data-end=\"750\">kreatywno\u015b\u0107, logiczne my\u015blenie<\/strong> i uczy, jak krok po kroku realizowa\u0107 w\u0142asne pomys\u0142y.<\/p>\n<p data-start=\"807\" data-end=\"846\">Gotowy? Zaczynamy wsp\u00f3ln\u0105 przygod\u0119!<\/p>\n","protected":false},"excerpt":{"rendered":"<p>Scratch to darmowy, kolorowy i bardzo przyjazny program do nauki programowania dla dzieci i pocz\u0105tkuj\u0105cych. Zamiast trudnych linijek kodu, w Scratchu budujemy programy z klock\u00f3w, kt\u00f3re \u0142\u0105czymy jak puzzle. Dzi\u0119ki [&hellip;]<\/p>\n","protected":false},"author":1,"featured_media":0,"parent":0,"menu_order":0,"comment_status":"closed","ping_status":"closed","template":"","meta":{"_kadence_starter_templates_imported_post":false,"footnotes":""},"class_list":["post-1435","page","type-page","status-publish","hentry"],"_links":{"self":[{"href":"https:\/\/www.zsp16.gliwice.pl\/informatyka\/wp-json\/wp\/v2\/pages\/1435","targetHints":{"allow":["GET"]}}],"collection":[{"href":"https:\/\/www.zsp16.gliwice.pl\/informatyka\/wp-json\/wp\/v2\/pages"}],"about":[{"href":"https:\/\/www.zsp16.gliwice.pl\/informatyka\/wp-json\/wp\/v2\/types\/page"}],"author":[{"embeddable":true,"href":"https:\/\/www.zsp16.gliwice.pl\/informatyka\/wp-json\/wp\/v2\/users\/1"}],"replies":[{"embeddable":true,"href":"https:\/\/www.zsp16.gliwice.pl\/informatyka\/wp-json\/wp\/v2\/comments?post=1435"}],"version-history":[{"count":1,"href":"https:\/\/www.zsp16.gliwice.pl\/informatyka\/wp-json\/wp\/v2\/pages\/1435\/revisions"}],"predecessor-version":[{"id":1436,"href":"https:\/\/www.zsp16.gliwice.pl\/informatyka\/wp-json\/wp\/v2\/pages\/1435\/revisions\/1436"}],"wp:attachment":[{"href":"https:\/\/www.zsp16.gliwice.pl\/informatyka\/wp-json\/wp\/v2\/media?parent=1435"}],"curies":[{"name":"wp","href":"https:\/\/api.w.org\/{rel}","templated":true}]}}