{"id":171,"date":"2023-03-05T11:27:11","date_gmt":"2023-03-05T11:27:11","guid":{"rendered":"https:\/\/www.zsp16.gliwice.pl\/informatyka\/?page_id=171"},"modified":"2023-03-05T11:27:11","modified_gmt":"2023-03-05T11:27:11","slug":"kl-4-di-1-1","status":"publish","type":"page","link":"https:\/\/www.zsp16.gliwice.pl\/informatyka\/kl-4-di-1-1\/","title":{"rendered":"KL 4 DI 1.1"},"content":{"rendered":"\n<ol class=\"wp-block-list\">\n<li>Do pracowni komputerowej uczniowie wchodz\u0105 pod opiek\u0105 nauczyciela i zajmuj\u0105 wyznaczone, sta\u0142e miejsca pracy.<\/li>\n\n\n\n<li>Komputer mo\u017cna w\u0142\u0105czy\u0107 lub wy\u0142\u0105czy\u0107 jedynie za zgod\u0105 nauczyciela.<\/li>\n\n\n\n<li>Nie wolno samemu resetowa\u0107 systemu.<\/li>\n\n\n\n<li>Na stanowisku pracy z komputerem nie wolno spo\u017cywa\u0107 posi\u0142k\u00f3w i pi\u0107 napoj\u00f3w.<\/li>\n\n\n\n<li>Uczniowie podczas lekcji zachowuj\u0105 spok\u00f3j i powag\u0119, sumiennie wykonuj\u0105 prac\u0119, pracuj\u0105 przy wyznaczonym stanowisku oraz utrzymuj\u0105 stanowisko komputerowe w nale\u017cytym porz\u0105dku.<\/li>\n\n\n\n<li>Podczas zaj\u0119\u0107 nie wolno u\u017cywa\u0107 telefon\u00f3w kom\u00f3rkowych, rejestrator\u00f3w, dyktafon\u00f3w itp.<\/li>\n\n\n\n<li>Wszystkie nieprawid\u0142owo\u015bci zauwa\u017cone podczas pracy z komputerem nale\u017cy natychmiast zg\u0142osi\u0107 nauczycielowi prowadz\u0105cemu zaj\u0119cia.<\/li>\n\n\n\n<li>Podczas korzystania z internetu zabronione jest przegl\u0105danie tre\u015bci wulgarnych, zawieraj\u0105cych przemoc oraz logowanie si\u0119 na portale spo\u0142eczno\u015bciowe.<\/li>\n\n\n\n<li>Bez zgody nauczyciela nie wolno w komputerze instalowa\u0107 \u017cadnego w\u0142asnego oprogramowania, gier itp. ani kopiowa\u0107 program\u00f3w znajduj\u0105cych si\u0119 w pracowni na w\u0142asne no\u015bniki danych.<\/li>\n\n\n\n<li>Nie wolno pod\u0142\u0105cza\u0107 dodatkowych urz\u0105dze\u0144, ani od\u0142\u0105cza\u0107 \u017cadnych element\u00f3w zestawu komputerowego.<\/li>\n\n\n\n<li>Nie wolno wprowadza\u0107 \u017cadnych zmian w plikach systemu operacyjnego ani w systemie zabezpiecze\u0144.<\/li>\n\n\n\n<li>Podczas pracy z komputerem obowi\u0105zuj\u0105 og\u00f3lne przepisy BHP dotycz\u0105ce obs\u0142ugi urz\u0105dze\u0144 elektronicznych.<\/li>\n<\/ol>\n","protected":false},"excerpt":{"rendered":"","protected":false},"author":1,"featured_media":0,"parent":0,"menu_order":0,"comment_status":"closed","ping_status":"closed","template":"","meta":{"_kadence_starter_templates_imported_post":false,"footnotes":""},"class_list":["post-171","page","type-page","status-publish","hentry"],"_links":{"self":[{"href":"https:\/\/www.zsp16.gliwice.pl\/informatyka\/wp-json\/wp\/v2\/pages\/171","targetHints":{"allow":["GET"]}}],"collection":[{"href":"https:\/\/www.zsp16.gliwice.pl\/informatyka\/wp-json\/wp\/v2\/pages"}],"about":[{"href":"https:\/\/www.zsp16.gliwice.pl\/informatyka\/wp-json\/wp\/v2\/types\/page"}],"author":[{"embeddable":true,"href":"https:\/\/www.zsp16.gliwice.pl\/informatyka\/wp-json\/wp\/v2\/users\/1"}],"replies":[{"embeddable":true,"href":"https:\/\/www.zsp16.gliwice.pl\/informatyka\/wp-json\/wp\/v2\/comments?post=171"}],"version-history":[{"count":1,"href":"https:\/\/www.zsp16.gliwice.pl\/informatyka\/wp-json\/wp\/v2\/pages\/171\/revisions"}],"predecessor-version":[{"id":172,"href":"https:\/\/www.zsp16.gliwice.pl\/informatyka\/wp-json\/wp\/v2\/pages\/171\/revisions\/172"}],"wp:attachment":[{"href":"https:\/\/www.zsp16.gliwice.pl\/informatyka\/wp-json\/wp\/v2\/media?parent=171"}],"curies":[{"name":"wp","href":"https:\/\/api.w.org\/{rel}","templated":true}]}}