{"id":20,"date":"2023-03-03T12:40:13","date_gmt":"2023-03-03T12:40:13","guid":{"rendered":"https:\/\/www.zsp16.gliwice.pl\/informatyka\/?page_id=20"},"modified":"2023-03-05T13:45:01","modified_gmt":"2023-03-05T13:45:01","slug":"klasa-8","status":"publish","type":"page","link":"https:\/\/www.zsp16.gliwice.pl\/informatyka\/klasa-8\/","title":{"rendered":"Klasa 8"},"content":{"rendered":"\n<p><\/p>\n\n\n\n<p>Dzia\u0142 1. Agorytmika<\/p>\n\n\n\n<p>1.1 <a rel=\"noreferrer noopener\" href=\"https:\/\/youtu.be\/T9a26-mrN0w\" target=\"_blank\">Zapisywanie algorytm\u00f3w na liczbach naturalnych w j\u0119zyku Scratch<\/a><br>1.2 <a rel=\"noreferrer noopener\" href=\"https:\/\/youtu.be\/Fjg3obJkoN0\" target=\"_blank\">Algorytmy wyszukiwania i porz\u0105dkowania<\/a><br>1.3 <a rel=\"noreferrer noopener\" href=\"http:\/\/www.sp4.orneta.eu\/images\/Informatyka\/Python-wprowadzenie.pdf\" target=\"_blank\">Wprowadzenie do programowania w j\u0119zyku Python<\/a><br>1.4 <a rel=\"noreferrer noopener\" href=\"https:\/\/youtu.be\/eDoXtbBpaSs\" target=\"_blank\">Stosowanie funkcji i tablic do zapisania algorytm\u00f3w porz\u0105dkowania i wyszukiwania w j\u0119zyku Python<\/a><br>1.5 <a rel=\"noreferrer noopener\" href=\"https:\/\/youtu.be\/ib9sNZ552lE\" target=\"_blank\">Przyk\u0142ady zastosowa\u0144 j\u0119zyka Python w algorytmach<\/a> &#8211; playlista<\/p>\n\n\n\n<p>Dzia\u0142 2. Arkusz kalkulacyjny<\/p>\n\n\n\n<p>2.1 <a rel=\"noreferrer noopener\" href=\"https:\/\/youtu.be\/LE9QRAeO4gs\" target=\"_blank\">Kom\u00f3rka, adres, formu\u0142a<\/a><br>2.2 <a rel=\"noreferrer noopener\" href=\"https:\/\/youtu.be\/P0uBNes88F8\" target=\"_blank\">Projektowanie tabeli i stosowanie funkcji arkusza kalkulacyjnego<\/a><br>2.3 <a rel=\"noreferrer noopener\" href=\"https:\/\/youtu.be\/Qz1UyLVf8Go\" target=\"_blank\">Arkusz kalkulacyjny, czyli kalkulacje<\/a><br>2.4 <a rel=\"noreferrer noopener\" href=\"https:\/\/youtu.be\/NoJqeE2pVcI\" target=\"_blank\">Wi\u0119cej o pracy w arkuszu kalkulacyjnym<\/a><br>2.5 <a rel=\"noreferrer noopener\" href=\"https:\/\/youtu.be\/r7KEX9Seml0\" target=\"_blank\">Przedstawianie danych w postaci wykresu<\/a><br>2.6 <a rel=\"noreferrer noopener\" href=\"https:\/\/youtu.be\/_3KAvEFoTqQ\" target=\"_blank\">Wstawianie tabel i wykres\u00f3w arkusza kalkulacyjnego do dokument\u00f3w tekstowych<\/a><br>2.7 <a rel=\"noreferrer noopener\" href=\"https:\/\/youtu.be\/2bhEWA_16as\" target=\"_blank\">Zastosowanie arkusza kalkulacyjnego<\/a><br>2.8 Dokumentacja imprezy sportowej \u2013 projekt<br>2.9 <a href=\"https:\/\/www.youtube.com\/@pmsocho\/playlists\" target=\"_blank\" rel=\"noreferrer noopener\">Playlista z tutorialami na temat Excela<\/a><br><\/p>\n\n\n\n<p>Dzia\u0142 3. Strony www<\/p>\n\n\n\n<p>3.1 <a href=\"https:\/\/katowice.eu\/edukacja\/SiteAssets\/dla-mieszka%C5%84ca\/ucz-si%C4%99\/miejski-bank-dobrych-praktyk\/zagadnienia-dla-nauczycieli-szk%C3%B3%C5%82\/informatyka\/Tworzenie%20strony%20internetowej%20w%20HTML%20cz.%201.pdf\" target=\"_blank\" rel=\"noreferrer noopener\">Tworzenie strony internetowej z wykorzystaniem j\u0119zyka HTML<\/a><br>3.2 <a href=\"https:\/\/youtu.be\/B1N2LYmS2wY\" target=\"_blank\" rel=\"noreferrer noopener\">Systemy zarz\u0105dzania tre\u015bci\u0105<\/a><br>3.3 Podr\u00f3\u017c dooko\u0142a \u015bwiata z internetem \u2013 projekt<br>3.4 <a href=\"https:\/\/youtu.be\/TT9FgXYsxww\" target=\"_blank\" rel=\"noreferrer noopener\">Prezentacje multimedialne i filmy<\/a><br>3.5 Historia i rozw\u00f3j informatyki \u2013 projekt<\/p>\n","protected":false},"excerpt":{"rendered":"<p>Dzia\u0142 1. Agorytmika 1.1 Zapisywanie algorytm\u00f3w na liczbach naturalnych w j\u0119zyku Scratch1.2 Algorytmy wyszukiwania i porz\u0105dkowania1.3 Wprowadzenie do programowania w j\u0119zyku Python1.4 Stosowanie funkcji i tablic do zapisania algorytm\u00f3w porz\u0105dkowania [&hellip;]<\/p>\n","protected":false},"author":1,"featured_media":0,"parent":0,"menu_order":0,"comment_status":"closed","ping_status":"closed","template":"","meta":{"_kadence_starter_templates_imported_post":false,"footnotes":""},"class_list":["post-20","page","type-page","status-publish","hentry"],"_links":{"self":[{"href":"https:\/\/www.zsp16.gliwice.pl\/informatyka\/wp-json\/wp\/v2\/pages\/20","targetHints":{"allow":["GET"]}}],"collection":[{"href":"https:\/\/www.zsp16.gliwice.pl\/informatyka\/wp-json\/wp\/v2\/pages"}],"about":[{"href":"https:\/\/www.zsp16.gliwice.pl\/informatyka\/wp-json\/wp\/v2\/types\/page"}],"author":[{"embeddable":true,"href":"https:\/\/www.zsp16.gliwice.pl\/informatyka\/wp-json\/wp\/v2\/users\/1"}],"replies":[{"embeddable":true,"href":"https:\/\/www.zsp16.gliwice.pl\/informatyka\/wp-json\/wp\/v2\/comments?post=20"}],"version-history":[{"count":16,"href":"https:\/\/www.zsp16.gliwice.pl\/informatyka\/wp-json\/wp\/v2\/pages\/20\/revisions"}],"predecessor-version":[{"id":258,"href":"https:\/\/www.zsp16.gliwice.pl\/informatyka\/wp-json\/wp\/v2\/pages\/20\/revisions\/258"}],"wp:attachment":[{"href":"https:\/\/www.zsp16.gliwice.pl\/informatyka\/wp-json\/wp\/v2\/media?parent=20"}],"curies":[{"name":"wp","href":"https:\/\/api.w.org\/{rel}","templated":true}]}}