{"id":119,"date":"2024-04-24T19:22:48","date_gmt":"2024-04-24T19:22:48","guid":{"rendered":"https:\/\/www.zsp16.gliwice.pl\/przedszkole\/?page_id=119"},"modified":"2024-04-25T10:14:36","modified_gmt":"2024-04-25T10:14:36","slug":"profil","status":"publish","type":"page","link":"https:\/\/www.zsp16.gliwice.pl\/przedszkole\/profil\/","title":{"rendered":"Profil"},"content":{"rendered":"<p><span style=\"color: #000000;\">Zesp\u00f3\u0142 Szkolno &#8211; Przedszkolny Nr 16 w sk\u0142ad , kt\u00f3rego wchodz\u0105 Szko\u0142a Podstawowa Nr 23 w Gliwicach, ul. Sikornik 1 i Przedszkole Miejskie Nr 23 w Gliwicach, przy ul. Kr\u00f3lowej Bony 6 czynne jest w godzinach od 06.30 do 16.30.<\/span><\/p>\n<p><span style=\"color: #000000;\">Nauka w publicznych przedszkolach jest bezp\u0142atna. Rodzice dziecka 6-letniego chodz\u0105cego do publicznego przedszkola ponosz\u0105 tylko op\u0142aty za wy\u017cywienie, a dziecka m\u0142odszego \u2013 tylko za wy\u017cywienie i pobyt d\u0142u\u017cszy ni\u017c 5 godzin dziennie .<\/span><\/p>\n<p>&nbsp;<\/p>\n<p style=\"text-align: center;\"><strong><span style=\"color: #000000;\">Dyrektor ZSP- 16 -mgr Joanna Soko\u0142owska-Czarnecka<\/span><\/strong><\/p>\n<p style=\"text-align: center;\"><strong><span style=\"color: #000000;\">Wicedyrektor do spraw przedszkola &#8211; mgr Ewa Szczygie\u0142<\/span><\/strong><\/p>\n<p style=\"text-align: center;\"><span style=\"color: #000000;\">Do dyspozycji rodzic\u00f3w codziennie w godzinach 9:00-14:00<\/span><\/p>\n<p style=\"text-align: center;\"><span style=\"color: #000000;\">W sprawach pilnych prosimy o kontakt telefoniczny-322312925<\/span><\/p>\n","protected":false},"excerpt":{"rendered":"<p>Zesp\u00f3\u0142 Szkolno &#8211; Przedszkolny Nr 16 w sk\u0142ad , kt\u00f3rego wchodz\u0105 Szko\u0142a Podstawowa Nr 23 w Gliwicach, ul. Sikornik 1 i Przedszkole Miejskie Nr 23 [&hellip;]<\/p>\n","protected":false},"author":1,"featured_media":0,"parent":0,"menu_order":0,"comment_status":"closed","ping_status":"closed","template":"","meta":{"footnotes":""},"class_list":["post-119","page","type-page","status-publish","hentry"],"_links":{"self":[{"href":"https:\/\/www.zsp16.gliwice.pl\/przedszkole\/wp-json\/wp\/v2\/pages\/119","targetHints":{"allow":["GET"]}}],"collection":[{"href":"https:\/\/www.zsp16.gliwice.pl\/przedszkole\/wp-json\/wp\/v2\/pages"}],"about":[{"href":"https:\/\/www.zsp16.gliwice.pl\/przedszkole\/wp-json\/wp\/v2\/types\/page"}],"author":[{"embeddable":true,"href":"https:\/\/www.zsp16.gliwice.pl\/przedszkole\/wp-json\/wp\/v2\/users\/1"}],"replies":[{"embeddable":true,"href":"https:\/\/www.zsp16.gliwice.pl\/przedszkole\/wp-json\/wp\/v2\/comments?post=119"}],"version-history":[{"count":2,"href":"https:\/\/www.zsp16.gliwice.pl\/przedszkole\/wp-json\/wp\/v2\/pages\/119\/revisions"}],"predecessor-version":[{"id":215,"href":"https:\/\/www.zsp16.gliwice.pl\/przedszkole\/wp-json\/wp\/v2\/pages\/119\/revisions\/215"}],"wp:attachment":[{"href":"https:\/\/www.zsp16.gliwice.pl\/przedszkole\/wp-json\/wp\/v2\/media?parent=119"}],"curies":[{"name":"wp","href":"https:\/\/api.w.org\/{rel}","templated":true}]}}