{"id":1738,"date":"2025-02-01T10:36:12","date_gmt":"2025-02-01T10:36:12","guid":{"rendered":"https:\/\/www.zsp16.gliwice.pl\/przedszkole\/?page_id=1738"},"modified":"2026-01-28T18:40:31","modified_gmt":"2026-01-28T18:40:31","slug":"rekrutacja-2025-2026","status":"publish","type":"page","link":"https:\/\/www.zsp16.gliwice.pl\/przedszkole\/rekrutacja-2025-2026\/","title":{"rendered":"Rekrutacja 2026\/2027"},"content":{"rendered":"<p class=\"single-title\"><span style=\"color: #000000;\">Zarz\u0105dzenie nr PM-2927\/26 Prezydenta Miasta Gliwice z dnia 23 stycznia 2026 r.<\/span><\/p>\n<div class=\"single-content\">\n<p><span style=\"color: #000000;\">w sprawie: okre\u015blenia termin\u00f3w przeprowadzania post\u0119powania rekrutacyjnego oraz post\u0119powania uzupe\u0142niaj\u0105cego, w tym termin\u00f3w sk\u0142adania dokument\u00f3w, na rok szkolny 2026\/2027 do publicznych przedszkoli i oddzia\u0142\u00f3w przedszkolnych w publicznych szko\u0142ach podstawowych, prowadzonych przez Miasto Gliwice.<\/span><\/p>\n<p style=\"text-align: center;\"><a href=\"https:\/\/www.zsp16.gliwice.pl\/przedszkole\/wp-content\/uploads\/2026\/01\/ZPM_2026-2027.pdf\" target=\"_blank\" rel=\"noopener\"><strong><span style=\"color: #ff0000;\">LINK do tre\u015bci zarz\u0105dzenia<\/span><\/strong><\/a><\/p>\n<p>&nbsp;<\/p>\n<\/div>\n","protected":false},"excerpt":{"rendered":"<p>Zarz\u0105dzenie nr PM-2927\/26 Prezydenta Miasta Gliwice z dnia 23 stycznia 2026 r. w sprawie: okre\u015blenia termin\u00f3w przeprowadzania post\u0119powania rekrutacyjnego oraz post\u0119powania uzupe\u0142niaj\u0105cego, w tym termin\u00f3w [&hellip;]<\/p>\n","protected":false},"author":1,"featured_media":9,"parent":0,"menu_order":0,"comment_status":"closed","ping_status":"closed","template":"","meta":{"footnotes":""},"class_list":["post-1738","page","type-page","status-publish","has-post-thumbnail","hentry"],"_links":{"self":[{"href":"https:\/\/www.zsp16.gliwice.pl\/przedszkole\/wp-json\/wp\/v2\/pages\/1738","targetHints":{"allow":["GET"]}}],"collection":[{"href":"https:\/\/www.zsp16.gliwice.pl\/przedszkole\/wp-json\/wp\/v2\/pages"}],"about":[{"href":"https:\/\/www.zsp16.gliwice.pl\/przedszkole\/wp-json\/wp\/v2\/types\/page"}],"author":[{"embeddable":true,"href":"https:\/\/www.zsp16.gliwice.pl\/przedszkole\/wp-json\/wp\/v2\/users\/1"}],"replies":[{"embeddable":true,"href":"https:\/\/www.zsp16.gliwice.pl\/przedszkole\/wp-json\/wp\/v2\/comments?post=1738"}],"version-history":[{"count":5,"href":"https:\/\/www.zsp16.gliwice.pl\/przedszkole\/wp-json\/wp\/v2\/pages\/1738\/revisions"}],"predecessor-version":[{"id":1978,"href":"https:\/\/www.zsp16.gliwice.pl\/przedszkole\/wp-json\/wp\/v2\/pages\/1738\/revisions\/1978"}],"wp:featuredmedia":[{"embeddable":true,"href":"https:\/\/www.zsp16.gliwice.pl\/przedszkole\/wp-json\/wp\/v2\/media\/9"}],"wp:attachment":[{"href":"https:\/\/www.zsp16.gliwice.pl\/przedszkole\/wp-json\/wp\/v2\/media?parent=1738"}],"curies":[{"name":"wp","href":"https:\/\/api.w.org\/{rel}","templated":true}]}}