{"id":22,"date":"2024-04-19T17:24:27","date_gmt":"2024-04-19T17:24:27","guid":{"rendered":"https:\/\/www.zsp16.gliwice.pl\/przedszkole\/?page_id=22"},"modified":"2026-01-28T18:45:24","modified_gmt":"2026-01-28T18:45:24","slug":"konsultacje","status":"publish","type":"page","link":"https:\/\/www.zsp16.gliwice.pl\/przedszkole\/konsultacje\/","title":{"rendered":"Konsultacje"},"content":{"rendered":"<h2><span style=\"color: #000000;\">Konsultacje pedagogiczne- godziny dost\u0119pno\u015bci.<\/span><br \/>\n<span style=\"color: #000000;\">Nauczyciele do dyspozycji Rodzic\u00f3w w roku szkol. 2025\/2026<\/span><\/h2>\n<p><span style=\"color: #000000;\">Ewa Szczygie\u0142 &#8211; \u015aroda &#8211; 14:00-15:00<\/span><br \/>\n<span style=\"color: #000000;\">e-mail : sekretariat@zsp16.gliwice.eu<\/span><br \/>\n<span style=\"color: #000000;\">tel:32 231 29 25<\/span><\/p>\n<p><span style=\"color: #000000;\">Grupa 1 Maluszki<\/span><br \/>\n<span style=\"color: #000000;\">Ma\u015blanka Ewelina &#8211; czwartek 15,30-16,30<\/span><br \/>\n<span style=\"color: #000000;\">tel:32 231 29 25<\/span><br \/>\n<span style=\"color: #000000;\">e=mail: e.maslanka@zsp16.gliwice.pl<\/span><\/p>\n<p><span style=\"color: #000000;\">Grupa 2<\/span><br \/>\n<span style=\"color: #000000;\">K\u0142oda Henryka &#8211; czwartek &#8211; 15.00 &#8211; 16.00<br \/>\n<\/span><span style=\"color: #000000;\">tel: 32 231 29 25<br \/>\n<\/span><span style=\"color: #000000;\">e-mail: h.kloda@zsp16.gliwice.pl<\/span><\/p>\n<p><span style=\"color: #000000;\">Grupa 3<\/span><br \/>\n<span style=\"color: #000000;\">Karbownik Mariola<br \/>\n<\/span><span style=\"color: #000000;\">e-mail: m.karbownik@zsp16.gliwice.pl<\/span><\/p>\n<p><span style=\"color: #000000;\">Grupa 4<\/span><br \/>\n<span style=\"color: #000000;\">Szczurowska Bo\u017cena<br \/>\n<\/span><span style=\"color: #000000;\">tel: 32 231 29 25<br \/>\n<\/span><span style=\"color: #000000;\">e- mail: b.szczurowska@zsp16.gliwice.pl<\/span><\/p>\n<p><span style=\"color: #000000;\">Grupa 5<\/span><br \/>\n<span style=\"color: #000000;\">M\u0119drala Marzena &#8211; poniedzia\u0142ek 16,00-16,30; wtorek 13,30-14,00<br \/>\n<\/span><span style=\"color: #000000;\">tel: 32 231 29 25<br \/>\n<\/span><span style=\"color: #000000;\">e- mail: m.medrala@zsp16.gliwice.pl<\/span><\/p>\n<p><span style=\"color: #000000;\">Pomoc pedagogiczno-psychologiczna<\/span><br \/>\n<span style=\"color: #000000;\">Na \u017cyczenie Rodzica (po wcze\u015bniejszym um\u00f3wieniu si\u0119 i uzgodnieniu terminu) .<\/span><\/p>\n<p><span style=\"color: #000000;\">tel: 32 231 29 25<\/span><\/p>\n<p><span style=\"color: #000000;\">e- mail: <\/span><span style=\"color: #000000;\">ppp\/zkk- m.medrala@zsp16.gliwice.pl<\/span><\/p>\n<p><span style=\"color: #000000;\">logopeda- a.dawidowska-grzechca@zsp16.gliwice.pl<\/span><\/p>\n","protected":false},"excerpt":{"rendered":"<p>Konsultacje pedagogiczne- godziny dost\u0119pno\u015bci. Nauczyciele do dyspozycji Rodzic\u00f3w w roku szkol. 2025\/2026 Ewa Szczygie\u0142 &#8211; \u015aroda &#8211; 14:00-15:00 e-mail : sekretariat@zsp16.gliwice.eu tel:32 231 29 25 [&hellip;]<\/p>\n","protected":false},"author":1,"featured_media":32,"parent":0,"menu_order":0,"comment_status":"closed","ping_status":"closed","template":"","meta":{"footnotes":""},"class_list":["post-22","page","type-page","status-publish","has-post-thumbnail","hentry"],"_links":{"self":[{"href":"https:\/\/www.zsp16.gliwice.pl\/przedszkole\/wp-json\/wp\/v2\/pages\/22","targetHints":{"allow":["GET"]}}],"collection":[{"href":"https:\/\/www.zsp16.gliwice.pl\/przedszkole\/wp-json\/wp\/v2\/pages"}],"about":[{"href":"https:\/\/www.zsp16.gliwice.pl\/przedszkole\/wp-json\/wp\/v2\/types\/page"}],"author":[{"embeddable":true,"href":"https:\/\/www.zsp16.gliwice.pl\/przedszkole\/wp-json\/wp\/v2\/users\/1"}],"replies":[{"embeddable":true,"href":"https:\/\/www.zsp16.gliwice.pl\/przedszkole\/wp-json\/wp\/v2\/comments?post=22"}],"version-history":[{"count":4,"href":"https:\/\/www.zsp16.gliwice.pl\/przedszkole\/wp-json\/wp\/v2\/pages\/22\/revisions"}],"predecessor-version":[{"id":1981,"href":"https:\/\/www.zsp16.gliwice.pl\/przedszkole\/wp-json\/wp\/v2\/pages\/22\/revisions\/1981"}],"wp:featuredmedia":[{"embeddable":true,"href":"https:\/\/www.zsp16.gliwice.pl\/przedszkole\/wp-json\/wp\/v2\/media\/32"}],"wp:attachment":[{"href":"https:\/\/www.zsp16.gliwice.pl\/przedszkole\/wp-json\/wp\/v2\/media?parent=22"}],"curies":[{"name":"wp","href":"https:\/\/api.w.org\/{rel}","templated":true}]}}