{"id":259,"date":"2024-04-26T11:25:58","date_gmt":"2024-04-26T11:25:58","guid":{"rendered":"https:\/\/www.zsp16.gliwice.pl\/przedszkole\/?page_id=259"},"modified":"2024-05-28T06:28:30","modified_gmt":"2024-05-28T06:28:30","slug":"nauczyciele","status":"publish","type":"page","link":"https:\/\/www.zsp16.gliwice.pl\/przedszkole\/nauczyciele\/","title":{"rendered":"Nauczyciele"},"content":{"rendered":"\t\t<div data-elementor-type=\"wp-page\" data-elementor-id=\"259\" class=\"elementor elementor-259\">\n\t\t\t\t<div class=\"elementor-element elementor-element-6e691ce e-flex e-con-boxed e-con e-parent\" data-id=\"6e691ce\" data-element_type=\"container\" data-e-type=\"container\">\n\t\t\t\t\t<div class=\"e-con-inner\">\n\t\t\t\t<div class=\"elementor-element elementor-element-84af2c7 elementor-widget elementor-widget-ucaddon_team_member_card\" data-id=\"84af2c7\" data-element_type=\"widget\" data-e-type=\"widget\" data-widget_type=\"ucaddon_team_member_card.default\">\n\t\t\t\t<div class=\"elementor-widget-container\">\n\t\t\t\t\t\n<!-- start Team Member Card -->\n\t\t<link id='font-awesome-css' href='https:\/\/www.zsp16.gliwice.pl\/przedszkole\/wp-content\/plugins\/unlimited-elements-for-elementor\/assets_libraries\/font-awesome6\/fontawesome-all.min.css' type='text\/css' rel='stylesheet' >\n\t\t<link id='font-awesome-4-shim-css' href='https:\/\/www.zsp16.gliwice.pl\/przedszkole\/wp-content\/plugins\/unlimited-elements-for-elementor\/assets_libraries\/font-awesome6\/fontawesome-v4-shims.min.css' type='text\/css' rel='stylesheet' >\n\n<style>\/* widget: Team Member Card *\/\n\n#uc_team_member_card_elementor_84af2c7\n{\n  overflow:hidden;\n  position:relative;\n}\n\n#uc_team_member_card_elementor_84af2c7 .ue-link-full-box\n{\n  position:absolute;\n  top:0px;\n  bottom:0px;\n  right:0px;\n  left:0px;\n  display:block;\n}\n\n.ue-team-member-card\n{\n  box-shadow:0px 5px 30px 0px rgba(0,0,0,0.20);\n}\n\n#uc_team_member_card_elementor_84af2c7 .uc_more_btn\n{\n  text-align:center;\n  transition:0.3s;\n  text-decoration:none;\n}\n\n#uc_team_member_card_elementor_84af2c7 .ue-team-member-card-image\n{\n  font-size:0px;\n}\n\n#uc_team_member_card_elementor_84af2c7 .ue-team-member-card-image-container\n{\n  display:inline-block;\n  overflow:hidden;\n}\n\n\n\n#uc_team_member_card_elementor_84af2c7 .ue-team-member-card-image img\n{\n  object-fit: cover;\n  width:100%;\n  transition:0.5s;\n}\n\n\n\n.ue-team-member-card-title\n{\n  font-size:21px;\n}\n\n#uc_team_member_card_elementor_84af2c7 .ue-team-member-card-icons\n{\n  display:flex;\n}\n\n#uc_team_member_card_elementor_84af2c7 .ue-team-member-card-icons a\n{\n  display:flex;\n  text-decoration:none;\n  line-height:1em;\n  align-items:center;\n  justify-content:center;\n  transition:1s;\n}\n\n#uc_team_member_card_elementor_84af2c7 .ue-team-member-card-icons a svg\n{\n  width:1em;\n  height:1em;\n}\n\n#uc_team_member_card_elementor_84af2c7 .ue-company-logo img\n{\n  width:100%;\n}\n\n<\/style>\n\n<div class=\"ue-team-member-card\" id=\"uc_team_member_card_elementor_84af2c7\">\n  \n    <div class=\"ue-team-member-card-header\">\n             <div class=\"ue-team-member-card-image\">\n         <div class=\"ue-team-member-card-image-container\">\n           <img fetchpriority=\"high\" decoding=\"async\" src=\"https:\/\/www.zsp16.gliwice.pl\/przedszkole\/wp-content\/uploads\/2024\/04\/465-4658934_png-file-incognito-mujer-png.jpg\" alt=\"465-4658934_png-file-incognito-mujer-png\"  src=\"https:\/\/www.zsp16.gliwice.pl\/przedszkole\/wp-content\/uploads\/2024\/04\/465-4658934_png-file-incognito-mujer-png.jpg\" alt=\"465-4658934_png-file-incognito-mujer-png\" width=\"320\" height=\"352\">\n         <\/div>\n       <\/div>\n                                            <\/div>\n    \n  <div class=\"ue-team-member-card-content\">\n            <div class=\"ue-team-member-card-title\">mgr Ewa Szczygie\u0142<\/div>      <div class=\"ue-team-member-card-subtitle\">Wicedyrektor ZSP nr 16<\/div>      \n      \t\n    \n    \n      <div class=\"ue-team-member-card-text\"><p>Nadz\u00f3r nad Przedszkolem Miejskim nr 23<\/p><\/div>      <div class=\"ue-team-member-card-icons\"><a href=\"https:\/\/www.facebook.com\/profile.php?id=100063950718302\" class=\"\"  target='_blank'><i class='fab fa-facebook-f'><\/i><\/a>\n<\/div>        <\/div>\n  \n    \n    \n<\/div>\n<!-- end Team Member Card -->\t\t\t\t<\/div>\n\t\t\t\t<\/div>\n\t\t\t\t\t<\/div>\n\t\t\t\t<\/div>\n\t\t<div class=\"elementor-element elementor-element-b626919 e-grid e-con-boxed e-con e-parent\" data-id=\"b626919\" data-element_type=\"container\" data-e-type=\"container\">\n\t\t\t\t\t<div class=\"e-con-inner\">\n\t\t\t\t<div class=\"elementor-element elementor-element-ac313e1 elementor-widget elementor-widget-text-editor\" data-id=\"ac313e1\" data-element_type=\"widget\" data-e-type=\"widget\" data-widget_type=\"text-editor.default\">\n\t\t\t\t<div class=\"elementor-widget-container\">\n\t\t\t\t\t\t\t\t\t<p style=\"text-align: center;\"><span style=\"color: #000000;\">mgr Bo\u017cena Szczurowska<\/span><br \/><span style=\"color: #000000;\">mgr Marzena Wielgos<\/span><br \/><span style=\"color: #000000;\">mgr Ma\u0142gorzata Rak<\/span><br \/><span style=\"color: #000000;\">mgr Danuta Miera<\/span><br \/><span style=\"color: #000000;\">Diana Ulanovych<\/span><br \/><span style=\"color: #000000;\">mgr Justyna \u017byme\u0142ka<\/span><\/p>\t\t\t\t\t\t\t\t<\/div>\n\t\t\t\t<\/div>\n\t\t\t\t<div class=\"elementor-element elementor-element-9692b4d elementor-widget elementor-widget-text-editor\" data-id=\"9692b4d\" data-element_type=\"widget\" data-e-type=\"widget\" data-widget_type=\"text-editor.default\">\n\t\t\t\t<div class=\"elementor-widget-container\">\n\t\t\t\t\t\t\t\t\t<p style=\"text-align: center;\"><span style=\"color: #000000;\">mgr Anna Dawidowska<\/span><br \/><span style=\"color: #000000;\">mgr Henryka K\u0142oda<\/span><br \/><span style=\"color: #000000;\">mgr Ewelina Ma\u015blanka<\/span><br \/><span style=\"color: #000000;\">mgr Marzena M\u0119drala<\/span><br \/><span style=\"color: #000000;\">Dorota Michaliszyn<\/span><\/p>\t\t\t\t\t\t\t\t<\/div>\n\t\t\t\t<\/div>\n\t\t\t\t\t<\/div>\n\t\t\t\t<\/div>\n\t\t\t\t<\/div>\n\t\t","protected":false},"excerpt":{"rendered":"<p>mgr Ewa Szczygie\u0142 Wicedyrektor ZSP nr 16 Nadz\u00f3r nad Przedszkolem Miejskim nr 23 mgr Bo\u017cena Szczurowskamgr Marzena Wielgosmgr Ma\u0142gorzata Rakmgr Danuta MieraDiana Ulanovychmgr Justyna \u017byme\u0142ka [&hellip;]<\/p>\n","protected":false},"author":1,"featured_media":0,"parent":0,"menu_order":0,"comment_status":"closed","ping_status":"closed","template":"","meta":{"footnotes":""},"class_list":["post-259","page","type-page","status-publish","hentry"],"_links":{"self":[{"href":"https:\/\/www.zsp16.gliwice.pl\/przedszkole\/wp-json\/wp\/v2\/pages\/259","targetHints":{"allow":["GET"]}}],"collection":[{"href":"https:\/\/www.zsp16.gliwice.pl\/przedszkole\/wp-json\/wp\/v2\/pages"}],"about":[{"href":"https:\/\/www.zsp16.gliwice.pl\/przedszkole\/wp-json\/wp\/v2\/types\/page"}],"author":[{"embeddable":true,"href":"https:\/\/www.zsp16.gliwice.pl\/przedszkole\/wp-json\/wp\/v2\/users\/1"}],"replies":[{"embeddable":true,"href":"https:\/\/www.zsp16.gliwice.pl\/przedszkole\/wp-json\/wp\/v2\/comments?post=259"}],"version-history":[{"count":34,"href":"https:\/\/www.zsp16.gliwice.pl\/przedszkole\/wp-json\/wp\/v2\/pages\/259\/revisions"}],"predecessor-version":[{"id":497,"href":"https:\/\/www.zsp16.gliwice.pl\/przedszkole\/wp-json\/wp\/v2\/pages\/259\/revisions\/497"}],"wp:attachment":[{"href":"https:\/\/www.zsp16.gliwice.pl\/przedszkole\/wp-json\/wp\/v2\/media?parent=259"}],"curies":[{"name":"wp","href":"https:\/\/api.w.org\/{rel}","templated":true}]}}