{"id":272,"date":"2024-04-26T11:51:33","date_gmt":"2024-04-26T11:51:33","guid":{"rendered":"https:\/\/www.zsp16.gliwice.pl\/przedszkole\/?page_id=272"},"modified":"2024-04-26T11:53:50","modified_gmt":"2024-04-26T11:53:50","slug":"rodo","status":"publish","type":"page","link":"https:\/\/www.zsp16.gliwice.pl\/przedszkole\/rodo\/","title":{"rendered":"RODO"},"content":{"rendered":"<p><span style=\"color: #000000;\">Ochrona danych osobowych<\/span><\/p>\n<p><span style=\"color: #000000;\">Informacja dotycz\u0105ca przetwarzania danych osobowych<\/span><\/p>\n<p><span style=\"color: #000000;\">Realizuj\u0105c wymogi rozporz\u0105dzenia Parlamentu Europejskiego i Rady (UE) 2016\/679 z dnia 27 kwietnia 2016 r. w sprawie ochrony os\u00f3b fizycznych w zwi\u0105zku z przetwarzaniem danych osobowych i w sprawie swobodnego przep\u0142ywu takich danych oraz uchylenia dyrektywy 95\/46\/WE (og\u00f3lne rozporz\u0105dzenie o ochronie danych \u201eRODO\u201d),<\/span><\/p>\n<p><span style=\"color: #000000;\">Przedszkole Miejskie nr 23 w Gliwicach pragnie przekaza\u0107 Pa\u0144stwu informacje na temat przetwarzania Pa\u0144stwa danych osobowych w przedszkolu, jak r\u00f3wnie\u017c poinformowa\u0107 o przys\u0142uguj\u0105cych Pa\u0144stwu prawach z tym zwi\u0105zanych.<\/span><\/p>\n<p><span style=\"color: #000000;\">1. Administratorem danych osobowych jest Przedszkole Miejski nr 23 w Gliwicach ul. Kr\u00f3lowej Bony 6, e-mail:sekretariat@zsp16.gliwice.eu<\/span><\/p>\n<p><span style=\"color: #000000;\">2. Funkcj\u0119 Inspektora Ochrony Danych pe\u0142ni:<\/span><\/p>\n<p><span style=\"color: #000000;\">Pawe\u0142 Gabriel <\/span><span style=\"color: #000000;\">e mail: iodzsp16@rodoplatforma.pl<\/span><\/p>\n<p><span style=\"color: #000000;\">3. Dane b\u0119d\u0105 przetwarzane w celu wype\u0142niania zada\u0144 ustawowych lub statutowych Administratora danych osobowych, na podstawie przepis\u00f3w obowi\u0105zuj\u0105cego prawa, b\u0105d\u017a w innych przypadkach na podstawie udzielonej zgody na przetwarzanie danych osobowych w celu okre\u015blonym przy pozyskiwaniu przez Administratora danych osobowych przedmiotowej zgody.<\/span><\/p>\n<p><span style=\"color: #000000;\">4. Dane osobowe b\u0119d\u0105 przechowywane przez okres niezb\u0119dny do realizacji cel\u00f3w okre\u015blonych w pkt 3, a po tym czasie przez okres oraz w zakresie wymaganym przez przepisy powszechnie obowi\u0105zuj\u0105cego.<\/span><\/p>\n<p><span style=\"color: #000000;\">5. W zwi\u0105zku z przetwarzaniem danych osobowych w celach, o kt\u00f3rych mowa w punkcie 3 odbiorcami Pa\u0144stwa danych osobowych mog\u0105 by\u0107 organy w\u0142adzy publicznej oraz podmioty wykonuj\u0105ce zadania publiczne lub dzia\u0142aj\u0105ce na zlecenie organ\u00f3w w\u0142adzy publicznej, w zakresie i w celach, kt\u00f3re wynikaj\u0105 z przepis\u00f3w powszechnie obowi\u0105zuj\u0105cego prawa.<\/span><\/p>\n<p><span style=\"color: #000000;\">6. Podanie danych osobowych ma charakter dobrowolny je\u017celi przetwarzanie danych osobowych odbywa si\u0119 na podstawie zgody osoby, kt\u00f3rej dane dotycz\u0105.<\/span><\/p>\n<p><span style=\"color: #000000;\">7. Podanie danych osobowych ma charakter obowi\u0105zkowy, je\u017celi podstaw\u0119 przetwarzania danych osobowych stanowi przepis prawa.<\/span><\/p>\n<p><span style=\"color: #000000;\">8. Podane dane osobowe nie b\u0119d\u0105 przetwarzane w spos\u00f3b zautomatyzowany i nie b\u0119d\u0105 profilowane.<\/span><\/p>\n<p><span style=\"color: #000000;\">9. Osobie, kt\u00f3rej dane osobowe dotycz\u0105 przys\u0142uguje prawo dost\u0119pu do swoich danych osobowych, ich sprostowania, usuni\u0119cia lub ograniczenia przetwarzania, a tak\u017ce przenoszenia danych w zakresie wynikaj\u0105cym z przepis\u00f3w prawa.<\/span><\/p>\n<p><span style=\"color: #000000;\">10. Osobie, kt\u00f3rej dane osobowe dotycz\u0105 przys\u0142uguje r\u00f3wnie\u017c prawo do wniesienia sprzeciwu wobec dalszego przetwarzania, a w przypadku wyra\u017cenia zgody na przetwarzanie danych do jej wycofania. Skorzystanie z prawa do wniesienia sprzeciwu lub cofni\u0119cia zgody nie ma wp\u0142ywu na przetwarzanie, kt\u00f3re mia\u0142o miejsce do momentu sprzeciwu lub wycofania zgody.<\/span><\/p>\n","protected":false},"excerpt":{"rendered":"<p>Ochrona danych osobowych Informacja dotycz\u0105ca przetwarzania danych osobowych Realizuj\u0105c wymogi rozporz\u0105dzenia Parlamentu Europejskiego i Rady (UE) 2016\/679 z dnia 27 kwietnia 2016 r. w sprawie [&hellip;]<\/p>\n","protected":false},"author":1,"featured_media":274,"parent":0,"menu_order":0,"comment_status":"closed","ping_status":"closed","template":"","meta":{"footnotes":""},"class_list":["post-272","page","type-page","status-publish","has-post-thumbnail","hentry"],"_links":{"self":[{"href":"https:\/\/www.zsp16.gliwice.pl\/przedszkole\/wp-json\/wp\/v2\/pages\/272","targetHints":{"allow":["GET"]}}],"collection":[{"href":"https:\/\/www.zsp16.gliwice.pl\/przedszkole\/wp-json\/wp\/v2\/pages"}],"about":[{"href":"https:\/\/www.zsp16.gliwice.pl\/przedszkole\/wp-json\/wp\/v2\/types\/page"}],"author":[{"embeddable":true,"href":"https:\/\/www.zsp16.gliwice.pl\/przedszkole\/wp-json\/wp\/v2\/users\/1"}],"replies":[{"embeddable":true,"href":"https:\/\/www.zsp16.gliwice.pl\/przedszkole\/wp-json\/wp\/v2\/comments?post=272"}],"version-history":[{"count":1,"href":"https:\/\/www.zsp16.gliwice.pl\/przedszkole\/wp-json\/wp\/v2\/pages\/272\/revisions"}],"predecessor-version":[{"id":273,"href":"https:\/\/www.zsp16.gliwice.pl\/przedszkole\/wp-json\/wp\/v2\/pages\/272\/revisions\/273"}],"wp:featuredmedia":[{"embeddable":true,"href":"https:\/\/www.zsp16.gliwice.pl\/przedszkole\/wp-json\/wp\/v2\/media\/274"}],"wp:attachment":[{"href":"https:\/\/www.zsp16.gliwice.pl\/przedszkole\/wp-json\/wp\/v2\/media?parent=272"}],"curies":[{"name":"wp","href":"https:\/\/api.w.org\/{rel}","templated":true}]}}