{"id":387,"date":"2024-04-30T11:02:07","date_gmt":"2024-04-30T11:02:07","guid":{"rendered":"https:\/\/www.zsp16.gliwice.pl\/przedszkole\/?page_id=387"},"modified":"2024-06-26T10:43:01","modified_gmt":"2024-06-26T10:43:01","slug":"motylki-3-5-latki","status":"publish","type":"page","link":"https:\/\/www.zsp16.gliwice.pl\/przedszkole\/motylki-3-5-latki\/","title":{"rendered":"Motylki &#8211; 5 &#8211; 6 latki"},"content":{"rendered":"\t\t<div data-elementor-type=\"wp-page\" data-elementor-id=\"387\" class=\"elementor elementor-387\">\n\t\t\t\t<div class=\"elementor-element elementor-element-608ddd19 e-grid e-con-boxed e-con e-parent\" data-id=\"608ddd19\" data-element_type=\"container\" data-e-type=\"container\">\n\t\t\t\t\t<div class=\"e-con-inner\">\n\t\t\t\t<div class=\"elementor-element elementor-element-27db58ac elementor-tabs-view-horizontal elementor-widget elementor-widget-tabs\" data-id=\"27db58ac\" data-element_type=\"widget\" data-e-type=\"widget\" data-widget_type=\"tabs.default\">\n\t\t\t\t<div class=\"elementor-widget-container\">\n\t\t\t\t\t\t\t<div class=\"elementor-tabs\">\n\t\t\t<div class=\"elementor-tabs-wrapper\" role=\"tablist\" >\n\t\t\t\t\t\t\t\t\t<div id=\"elementor-tab-title-6681\" class=\"elementor-tab-title elementor-tab-desktop-title\" aria-selected=\"true\" data-tab=\"1\" role=\"tab\" tabindex=\"0\" aria-controls=\"elementor-tab-content-6681\" aria-expanded=\"false\">Wiadomo\u015bci<\/div>\n\t\t\t\t\t\t\t\t\t<div id=\"elementor-tab-title-6682\" class=\"elementor-tab-title elementor-tab-desktop-title\" aria-selected=\"false\" data-tab=\"2\" role=\"tab\" tabindex=\"-1\" aria-controls=\"elementor-tab-content-6682\" aria-expanded=\"false\">Tematy zaj\u0119\u0107<\/div>\n\t\t\t\t\t\t\t\t\t<div id=\"elementor-tab-title-6683\" class=\"elementor-tab-title elementor-tab-desktop-title\" aria-selected=\"false\" data-tab=\"3\" role=\"tab\" tabindex=\"-1\" aria-controls=\"elementor-tab-content-6683\" aria-expanded=\"false\">Piosenki i wiersze<\/div>\n\t\t\t\t\t\t\t\t\t<div id=\"elementor-tab-title-6684\" class=\"elementor-tab-title elementor-tab-desktop-title\" aria-selected=\"false\" data-tab=\"4\" role=\"tab\" tabindex=\"-1\" aria-controls=\"elementor-tab-content-6684\" aria-expanded=\"false\">J\u0119zyk angielski<\/div>\n\t\t\t\t\t\t\t<\/div>\n\t\t\t<div class=\"elementor-tabs-content-wrapper\" role=\"tablist\" aria-orientation=\"vertical\">\n\t\t\t\t\t\t\t\t\t<div class=\"elementor-tab-title elementor-tab-mobile-title\" aria-selected=\"true\" data-tab=\"1\" role=\"tab\" tabindex=\"0\" aria-controls=\"elementor-tab-content-6681\" aria-expanded=\"false\">Wiadomo\u015bci<\/div>\n\t\t\t\t\t<div id=\"elementor-tab-content-6681\" class=\"elementor-tab-content elementor-clearfix\" data-tab=\"1\" role=\"tabpanel\" aria-labelledby=\"elementor-tab-title-6681\" tabindex=\"0\" hidden=\"false\"><p>\u00a0<\/p><p><span style=\"color: #000000;\">Widzimy si\u0119 w sierpniu<\/span><\/p><p><span style=\"color: #000000;\"><img fetchpriority=\"high\" decoding=\"async\" class=\"alignnone size-medium wp-image-33\" src=\"https:\/\/www.zsp16.gliwice.pl\/przedszkole\/wp-content\/uploads\/2024\/04\/ifxc06344a8c6beb800_g-300x168.png\" alt=\"\" width=\"300\" height=\"168\" srcset=\"https:\/\/www.zsp16.gliwice.pl\/przedszkole\/wp-content\/uploads\/2024\/04\/ifxc06344a8c6beb800_g-300x168.png 300w, https:\/\/www.zsp16.gliwice.pl\/przedszkole\/wp-content\/uploads\/2024\/04\/ifxc06344a8c6beb800_g.png 456w\" sizes=\"(max-width: 300px) 100vw, 300px\" \/><\/span><\/p><p>\u00a0<\/p><\/div>\n\t\t\t\t\t\t\t\t\t<div class=\"elementor-tab-title elementor-tab-mobile-title\" aria-selected=\"false\" data-tab=\"2\" role=\"tab\" tabindex=\"-1\" aria-controls=\"elementor-tab-content-6682\" aria-expanded=\"false\">Tematy zaj\u0119\u0107<\/div>\n\t\t\t\t\t<div id=\"elementor-tab-content-6682\" class=\"elementor-tab-content elementor-clearfix\" data-tab=\"2\" role=\"tabpanel\" aria-labelledby=\"elementor-tab-title-6682\" tabindex=\"0\" hidden=\"hidden\"><p style=\"text-align: center;\"><span style=\"color: #339966;\">Bezpiecze\u0144stwo w wakacje<\/span>\u00a0<\/p><\/div>\n\t\t\t\t\t\t\t\t\t<div class=\"elementor-tab-title elementor-tab-mobile-title\" aria-selected=\"false\" data-tab=\"3\" role=\"tab\" tabindex=\"-1\" aria-controls=\"elementor-tab-content-6683\" aria-expanded=\"false\">Piosenki i wiersze<\/div>\n\t\t\t\t\t<div id=\"elementor-tab-content-6683\" class=\"elementor-tab-content elementor-clearfix\" data-tab=\"3\" role=\"tabpanel\" aria-labelledby=\"elementor-tab-title-6683\" tabindex=\"0\" hidden=\"hidden\"><p><span style=\"color: #000000;\">Piosenka Ekologiczna<\/span><\/p><p>\u00a0<\/p><p><span style=\"color: #000000;\">1. Dymi\u0105 kominy wielkich fabryk,<\/span><br \/><span style=\"color: #000000;\">p\u0142ynie brudna woda do rzek.<\/span><br \/><span style=\"color: #000000;\">Chcemy oddycha\u0107 powietrzem czystym,<\/span><br \/><span style=\"color: #000000;\">Czyst\u0105 wod\u0119 mie\u0107.<\/span><\/p><p><span style=\"color: #000000;\">Ref. Czysta woda zdrowia doda<\/span><br \/><span style=\"color: #000000;\">to ka\u017cde dziecko wie.<\/span><br \/><span style=\"color: #000000;\">Czysta woda zdrowia doda<\/span><br \/><span style=\"color: #000000;\">tobie, tobie i mnie.<\/span><\/p><p><span style=\"color: #000000;\">2. Smog ju\u017c pokrywa niebo ca\u0142e<\/span><br \/><span style=\"color: #000000;\">szarym dymem i szar\u0105 mg\u0142\u0105.<\/span><br \/><span style=\"color: #000000;\">W rzekach jest coraz mniej rybek.<\/span><br \/><span style=\"color: #000000;\">Kto to widzia\u0142, kto?<\/span><\/p><\/div>\n\t\t\t\t\t\t\t\t\t<div class=\"elementor-tab-title elementor-tab-mobile-title\" aria-selected=\"false\" data-tab=\"4\" role=\"tab\" tabindex=\"-1\" aria-controls=\"elementor-tab-content-6684\" aria-expanded=\"false\">J\u0119zyk angielski<\/div>\n\t\t\t\t\t<div id=\"elementor-tab-content-6684\" class=\"elementor-tab-content elementor-clearfix\" data-tab=\"4\" role=\"tabpanel\" aria-labelledby=\"elementor-tab-title-6684\" tabindex=\"0\" hidden=\"hidden\"><p>Hello!<\/p><\/div>\n\t\t\t\t\t\t\t<\/div>\n\t\t<\/div>\n\t\t\t\t\t\t<\/div>\n\t\t\t\t<\/div>\n\t\t\t\t\t<\/div>\n\t\t\t\t<\/div>\n\t\t\t\t<\/div>\n\t\t","protected":false},"excerpt":{"rendered":"<p>Wiadomo\u015bci Tematy zaj\u0119\u0107 Piosenki i wiersze J\u0119zyk angielski Wiadomo\u015bci \u00a0 Widzimy si\u0119 w sierpniu \u00a0 Tematy zaj\u0119\u0107 Bezpiecze\u0144stwo w wakacje\u00a0 Piosenki i wiersze Piosenka Ekologiczna [&hellip;]<\/p>\n","protected":false},"author":1,"featured_media":0,"parent":0,"menu_order":0,"comment_status":"closed","ping_status":"closed","template":"","meta":{"footnotes":""},"class_list":["post-387","page","type-page","status-publish","hentry"],"_links":{"self":[{"href":"https:\/\/www.zsp16.gliwice.pl\/przedszkole\/wp-json\/wp\/v2\/pages\/387","targetHints":{"allow":["GET"]}}],"collection":[{"href":"https:\/\/www.zsp16.gliwice.pl\/przedszkole\/wp-json\/wp\/v2\/pages"}],"about":[{"href":"https:\/\/www.zsp16.gliwice.pl\/przedszkole\/wp-json\/wp\/v2\/types\/page"}],"author":[{"embeddable":true,"href":"https:\/\/www.zsp16.gliwice.pl\/przedszkole\/wp-json\/wp\/v2\/users\/1"}],"replies":[{"embeddable":true,"href":"https:\/\/www.zsp16.gliwice.pl\/przedszkole\/wp-json\/wp\/v2\/comments?post=387"}],"version-history":[{"count":18,"href":"https:\/\/www.zsp16.gliwice.pl\/przedszkole\/wp-json\/wp\/v2\/pages\/387\/revisions"}],"predecessor-version":[{"id":551,"href":"https:\/\/www.zsp16.gliwice.pl\/przedszkole\/wp-json\/wp\/v2\/pages\/387\/revisions\/551"}],"wp:attachment":[{"href":"https:\/\/www.zsp16.gliwice.pl\/przedszkole\/wp-json\/wp\/v2\/media?parent=387"}],"curies":[{"name":"wp","href":"https:\/\/api.w.org\/{rel}","templated":true}]}}